{"id":30,"date":"2019-03-09T15:27:41","date_gmt":"2019-03-09T15:27:41","guid":{"rendered":"http:\/\/slowmotioncatastrophe.com\/inside\/?page_id=30"},"modified":"2022-08-15T09:47:59","modified_gmt":"2022-08-15T09:47:59","slug":"chuchotements","status":"publish","type":"page","link":"http:\/\/slowmotioncatastrophe.com\/inside\/index.php\/chuchotements\/","title":{"rendered":"Chuchotement(s)"},"content":{"rendered":"\n<p class=\"has-text-align-center\">Pop-folk discr\u00e8te piano\/voix<br><em>Discreet piano\/voice pop-folk<\/em> <\/p>\n\n\n\n<p class=\"has-text-align-center\">&#8220;Une folk parfaite \u00e0 \u00e9couter pendant une pause zen ou une soir\u00e9e chez soi tranquille \u00e0 la bougie.&#8221; &#8211; Efflorescence Culturelle<br><em>&#8220;A perfect folk to listen to while taking a quiet break or during a peaceful candle lit evening.&#8221; &#8211; Efflorescence Culturelle<\/em><br>&#8211;<\/p>\n\n\n\n<div class=\"wp-block-image\"><figure class=\"aligncenter\"><img loading=\"lazy\" decoding=\"async\" width=\"300\" height=\"300\" src=\"http:\/\/slowmotioncatastrophe.com\/inside\/wp-content\/uploads\/2019\/03\/collector-of-scars-cover-300px.png\" alt=\"\" class=\"wp-image-93\" srcset=\"http:\/\/slowmotioncatastrophe.com\/inside\/wp-content\/uploads\/2019\/03\/collector-of-scars-cover-300px.png 300w, http:\/\/slowmotioncatastrophe.com\/inside\/wp-content\/uploads\/2019\/03\/collector-of-scars-cover-300px-150x150.png 150w, http:\/\/slowmotioncatastrophe.com\/inside\/wp-content\/uploads\/2019\/03\/collector-of-scars-cover-300px-75x75.png 75w\" sizes=\"(max-width: 300px) 100vw, 300px\" \/><\/figure><\/div>\n\n\n\n<p class=\"has-text-align-center\"><em>The collector of scars<\/em> (2018)<br> <br>YouTube: <a rel=\"noreferrer noopener\" aria-label=\" (opens in a new tab)\" href=\"http:\/\/found.ee\/collectorofscars_YouTube\" target=\"_blank\">found.ee\/collectorofscars_YouTube<\/a><br>iTunes:&nbsp;<a rel=\"noreferrer noopener\" aria-label=\" (opens in a new tab)\" href=\"http:\/\/found.ee\/collectorofscars_iTunes\" target=\"_blank\">found.ee\/collectorofscars_iTunes<\/a><br>Spotify:&nbsp;<a rel=\"noreferrer noopener\" aria-label=\" (opens in a new tab)\" href=\"http:\/\/found.ee\/collectorofscars_Spotify\" target=\"_blank\">found.ee\/collectorofscars_Spotify<\/a><br>Deezer:&nbsp;<a rel=\"noreferrer noopener\" aria-label=\" (opens in a new tab)\" href=\"http:\/\/found.ee\/collectorofscars_Deezer\" target=\"_blank\">found.ee\/collectorofscars_Deezer<\/a><br>Amazon:&nbsp;<a href=\"http:\/\/found.ee\/collectorofscars_Amazon\" target=\"_blank\" rel=\"noreferrer noopener\" aria-label=\" (opens in a new tab)\">found.ee\/collectorofscars_Amazon<\/a><br>   <br><\/p>\n\n\n\n<p class=\"has-text-align-center\"> <figure class=\"wp-block-embed wp-block-embed-youtube is-type-video is-provider-youtube\"><div class=\"wp-block-embed__wrapper\"><iframe loading=\"lazy\"  style=\"display: block; margin: 0px auto;\"  id=\"_ytid_10439\"  width=\"500\" height=\"281\"  data-origwidth=\"500\" data-origheight=\"281\"  src=\"https:\/\/www.youtube.com\/embed\/ja3WFa0of9I?enablejsapi=1&autoplay=0&cc_load_policy=0&cc_lang_pref=&iv_load_policy=1&loop=0&modestbranding=0&rel=1&fs=1&playsinline=0&autohide=2&theme=dark&color=red&controls=1&\" class=\"__youtube_prefs__  no-lazyload\" title=\"YouTube player\"  allow=\"autoplay; encrypted-media\" allowfullscreen data-no-lazy=\"1\" data-skipgform_ajax_framebjll=\"\"><\/iframe><\/div><\/figure> <br>&#8211;<\/p>\n\n\n\n<div class=\"wp-block-image\"><figure class=\"aligncenter\"><img loading=\"lazy\" decoding=\"async\" width=\"300\" height=\"300\" src=\"http:\/\/slowmotioncatastrophe.com\/inside\/wp-content\/uploads\/2019\/03\/Artwork-Chuchotements_300px-1.png\" alt=\"\" class=\"wp-image-115\" srcset=\"http:\/\/slowmotioncatastrophe.com\/inside\/wp-content\/uploads\/2019\/03\/Artwork-Chuchotements_300px-1.png 300w, http:\/\/slowmotioncatastrophe.com\/inside\/wp-content\/uploads\/2019\/03\/Artwork-Chuchotements_300px-1-150x150.png 150w, http:\/\/slowmotioncatastrophe.com\/inside\/wp-content\/uploads\/2019\/03\/Artwork-Chuchotements_300px-1-75x75.png 75w\" sizes=\"(max-width: 300px) 100vw, 300px\" \/><\/figure><\/div>\n\n\n\n<p class=\"has-text-align-center\"><em>Underlying it all is you<\/em> (2016)<br> <br> iTunes: <a rel=\"noreferrer noopener\" aria-label=\" (opens in a new tab)\" href=\"http:\/\/found.ee\/UnderlyingiTunes\" target=\"_blank\">found.ee\/UnderlyingiTunes<\/a><br>YouTube: <a rel=\"noreferrer noopener\" aria-label=\" (opens in a new tab)\" href=\"http:\/\/found.ee\/UnderlyingVideo\" target=\"_blank\">found.ee\/UnderlyingVideo<\/a><br>Spotify: <a rel=\"noreferrer noopener\" aria-label=\" (opens in a new tab)\" href=\"http:\/\/found.ee\/UnderlyingSpotify\" target=\"_blank\">found.ee\/UnderlyingSpotify<\/a><br>Deezer: <a rel=\"noreferrer noopener\" aria-label=\" (opens in a new tab)\" href=\"http:\/\/found.ee\/UnderlyingDeezer\" target=\"_blank\">found.ee\/UnderlyingDeezer<\/a><br>Amazon: <a href=\"http:\/\/found.ee\/UnderlyingAmazon\" target=\"_blank\" rel=\"noreferrer noopener\" aria-label=\" (opens in a new tab)\">found.ee\/UnderlyingAmazon<\/a><br>   <br><\/p>\n\n\n\n<p class=\"has-text-align-center\"> <figure class=\"wp-block-embed wp-block-embed-youtube is-type-video is-provider-youtube\"><div class=\"wp-block-embed__wrapper\"><iframe loading=\"lazy\"  style=\"display: block; margin: 0px auto;\"  id=\"_ytid_68141\"  width=\"500\" height=\"281\"  data-origwidth=\"500\" data-origheight=\"281\"  src=\"https:\/\/www.youtube.com\/embed\/ErYP9SyvEhE?enablejsapi=1&autoplay=0&cc_load_policy=0&cc_lang_pref=&iv_load_policy=1&loop=0&modestbranding=0&rel=1&fs=1&playsinline=0&autohide=2&theme=dark&color=red&controls=1&\" class=\"__youtube_prefs__  no-lazyload\" title=\"YouTube player\"  allow=\"autoplay; encrypted-media\" allowfullscreen data-no-lazy=\"1\" data-skipgform_ajax_framebjll=\"\"><\/iframe><\/div><\/figure> <br>&#8211; <\/p>\n\n\n\n<p class=\"has-text-align-center\"> <figure class=\"wp-block-embed wp-block-embed-youtube is-type-video is-provider-youtube\"><div class=\"wp-block-embed__wrapper\"><iframe loading=\"lazy\"  style=\"display: block; margin: 0px auto;\"  id=\"_ytid_51724\"  width=\"500\" height=\"281\"  data-origwidth=\"500\" data-origheight=\"281\"  src=\"https:\/\/www.youtube.com\/embed\/u4f9a6LJvsg?enablejsapi=1&autoplay=0&cc_load_policy=0&cc_lang_pref=&iv_load_policy=1&loop=0&modestbranding=0&rel=1&fs=1&playsinline=0&autohide=2&theme=dark&color=red&controls=1&\" class=\"__youtube_prefs__  no-lazyload\" title=\"YouTube player\"  allow=\"autoplay; encrypted-media\" allowfullscreen data-no-lazy=\"1\" data-skipgform_ajax_framebjll=\"\"><\/iframe><\/div><\/figure> <br>&#8211;<\/p>\n\n\n\n<p class=\"has-text-align-center\">Suivez-nous sur <a rel=\"noreferrer noopener\" aria-label=\" (opens in a new tab)\" href=\"http:\/\/found.ee\/ChuchotementsFacebook\" target=\"_blank\">Facebook<\/a>, <a rel=\"noreferrer noopener\" aria-label=\" (opens in a new tab)\" href=\"http:\/\/found.ee\/ChuchotementsYouTube\" target=\"_blank\">YouTube<\/a>,&nbsp;<a rel=\"noreferrer noopener\" aria-label=\" (opens in a new tab)\" href=\"http:\/\/found.ee\/ChuchotementsSoundcloud\" target=\"_blank\">SoundCloud<\/a>, <a rel=\"noreferrer noopener\" aria-label=\" (opens in a new tab)\" href=\"http:\/\/found.ee\/ChuchotementsInstagram\" target=\"_blank\">Instagram<\/a>&nbsp;et <a rel=\"noreferrer noopener\" aria-label=\" (opens in a new tab)\" href=\"http:\/\/found.ee\/ChuchotementsBandcamp\" target=\"_blank\">Bandcamp<\/a>.<br><em>Follow us on <a rel=\"noreferrer noopener\" aria-label=\" (opens in a new tab)\" href=\"http:\/\/found.ee\/ChuchotementsFacebook\" target=\"_blank\">Facebook<\/a>, <a rel=\"noreferrer noopener\" aria-label=\" (opens in a new tab)\" href=\"http:\/\/found.ee\/ChuchotementsYouTube\" target=\"_blank\">YouTube<\/a>,&nbsp;<a rel=\"noreferrer noopener\" aria-label=\" (opens in a new tab)\" href=\"http:\/\/found.ee\/ChuchotementsSoundcloud\" target=\"_blank\">SoundCloud<\/a>,<a rel=\"noreferrer noopener\" aria-label=\" (opens in a new tab)\" href=\"http:\/\/found.ee\/ChuchotementsInstagram\" target=\"_blank\"> Instagram<\/a> and <a href=\"http:\/\/found.ee\/ChuchotementsBandcamp\" target=\"_blank\" rel=\"noreferrer noopener\" aria-label=\" (opens in a new tab)\">Bandcamp<\/a>.<\/em><\/p>\n","protected":false},"excerpt":{"rendered":"<p>Pop-folk discr\u00e8te piano\/voixDiscreet piano\/voice pop-folk &#8220;Une folk parfaite \u00e0 \u00e9couter pendant une pause zen ou une soir\u00e9e chez soi tranquille \u00e0 la bougie.&#8221; &#8211; Efflorescence Culturelle&#8220;A perfect folk to listen to while taking a quiet break or during a peaceful candle lit evening.&#8221; &#8211; Efflorescence Culturelle&#8211; The collector of scars (2018) YouTube: found.ee\/collectorofscars_YouTubeiTunes:&nbsp;found.ee\/collectorofscars_iTunesSpotify:&nbsp;found.ee\/collectorofscars_SpotifyDeezer:&nbsp;found.ee\/collectorofscars_DeezerAmazon:&nbsp;found.ee\/collectorofscars_Amazon &#8211; Underlying it all is you (2016) iTunes: found.ee\/UnderlyingiTunesYouTube: found.ee\/UnderlyingVideoSpotify: found.ee\/UnderlyingSpotifyDeezer: found.ee\/UnderlyingDeezerAmazon: found.ee\/UnderlyingAmazon &#8211; &#8211; Suivez-nous sur Facebook, YouTube,&nbsp;SoundCloud, Instagram&nbsp;et Bandcamp.Follow us on Facebook, YouTube,&nbsp;SoundCloud, Instagram and Bandcamp.<\/p>\n","protected":false},"author":1,"featured_media":0,"parent":0,"menu_order":0,"comment_status":"closed","ping_status":"closed","template":"","meta":{"footnotes":""},"class_list":["post-30","page","type-page","status-publish","hentry"],"_links":{"self":[{"href":"http:\/\/slowmotioncatastrophe.com\/inside\/index.php\/wp-json\/wp\/v2\/pages\/30"}],"collection":[{"href":"http:\/\/slowmotioncatastrophe.com\/inside\/index.php\/wp-json\/wp\/v2\/pages"}],"about":[{"href":"http:\/\/slowmotioncatastrophe.com\/inside\/index.php\/wp-json\/wp\/v2\/types\/page"}],"author":[{"embeddable":true,"href":"http:\/\/slowmotioncatastrophe.com\/inside\/index.php\/wp-json\/wp\/v2\/users\/1"}],"replies":[{"embeddable":true,"href":"http:\/\/slowmotioncatastrophe.com\/inside\/index.php\/wp-json\/wp\/v2\/comments?post=30"}],"version-history":[{"count":58,"href":"http:\/\/slowmotioncatastrophe.com\/inside\/index.php\/wp-json\/wp\/v2\/pages\/30\/revisions"}],"predecessor-version":[{"id":539,"href":"http:\/\/slowmotioncatastrophe.com\/inside\/index.php\/wp-json\/wp\/v2\/pages\/30\/revisions\/539"}],"wp:attachment":[{"href":"http:\/\/slowmotioncatastrophe.com\/inside\/index.php\/wp-json\/wp\/v2\/media?parent=30"}],"curies":[{"name":"wp","href":"https:\/\/api.w.org\/{rel}","templated":true}]}}