{"id":32,"date":"2019-03-09T15:27:49","date_gmt":"2019-03-09T15:27:49","guid":{"rendered":"http:\/\/slowmotioncatastrophe.com\/inside\/?page_id=32"},"modified":"2019-03-10T00:27:40","modified_gmt":"2019-03-10T00:27:40","slug":"ibidem","status":"publish","type":"page","link":"http:\/\/slowmotioncatastrophe.com\/inside\/index.php\/ibidem\/","title":{"rendered":"Ibidem"},"content":{"rendered":"\n<p style=\"text-align:center\"><strong>Ibidem<\/strong> est un projet instrumental minimaliste, compos\u00e9 pour piano et guitare \u00e9lectrique, cr\u00e9\u00e9 en 2011 avec Guillaume Lestage.<\/p>\n\n\n\n<p style=\"text-align:center\"><strong>Ibidem<\/strong> is a&nbsp;<em>minimal instrumental project, composed for the piano and an electric guitar, created in 2011 with Guillaume Lestage.<\/em><br>&#8211;<\/p>\n\n\n\n<div style=\"text-align:center;\">\n<figure><iframe loading=\"lazy\" width=\"500\" height=\"150\" src=\"https:\/\/w.soundcloud.com\/player\/?url=https%3A\/\/api.soundcloud.com\/tracks\/55602630&amp;color=%23ff5500&amp;auto_play=false&amp;hide_related=false&amp;show_comments=true&amp;show_user=true&amp;show_reposts=false&amp;show_teaser=true&amp;visual=true\"><\/iframe><\/figure>\n<\/div>\n\n\n\n<div style=\"text-align:center;\">\n<figure><iframe loading=\"lazy\" width=\"500\" height=\"150\" src=\"https:\/\/w.soundcloud.com\/player\/?url=https%3A\/\/api.soundcloud.com\/tracks\/55602812&amp;color=%23ff5500&amp;auto_play=false&amp;hide_related=false&amp;show_comments=true&amp;show_user=true&amp;show_reposts=false&amp;show_teaser=true&amp;visual=true\"><\/iframe><\/figure>\n<\/div>\n","protected":false},"excerpt":{"rendered":"<p>Ibidem est un projet instrumental minimaliste, compos\u00e9 pour piano et guitare \u00e9lectrique, cr\u00e9\u00e9 en 2011 avec Guillaume Lestage. Ibidem is a&nbsp;minimal instrumental project, composed for the piano and an electric guitar, created in 2011 with Guillaume Lestage.&#8211;<\/p>\n","protected":false},"author":1,"featured_media":0,"parent":0,"menu_order":0,"comment_status":"closed","ping_status":"closed","template":"","meta":{"footnotes":""},"class_list":["post-32","page","type-page","status-publish","hentry"],"_links":{"self":[{"href":"http:\/\/slowmotioncatastrophe.com\/inside\/index.php\/wp-json\/wp\/v2\/pages\/32"}],"collection":[{"href":"http:\/\/slowmotioncatastrophe.com\/inside\/index.php\/wp-json\/wp\/v2\/pages"}],"about":[{"href":"http:\/\/slowmotioncatastrophe.com\/inside\/index.php\/wp-json\/wp\/v2\/types\/page"}],"author":[{"embeddable":true,"href":"http:\/\/slowmotioncatastrophe.com\/inside\/index.php\/wp-json\/wp\/v2\/users\/1"}],"replies":[{"embeddable":true,"href":"http:\/\/slowmotioncatastrophe.com\/inside\/index.php\/wp-json\/wp\/v2\/comments?post=32"}],"version-history":[{"count":11,"href":"http:\/\/slowmotioncatastrophe.com\/inside\/index.php\/wp-json\/wp\/v2\/pages\/32\/revisions"}],"predecessor-version":[{"id":388,"href":"http:\/\/slowmotioncatastrophe.com\/inside\/index.php\/wp-json\/wp\/v2\/pages\/32\/revisions\/388"}],"wp:attachment":[{"href":"http:\/\/slowmotioncatastrophe.com\/inside\/index.php\/wp-json\/wp\/v2\/media?parent=32"}],"curies":[{"name":"wp","href":"https:\/\/api.w.org\/{rel}","templated":true}]}}