{"id":559,"date":"2024-02-17T10:52:18","date_gmt":"2024-02-17T10:52:18","guid":{"rendered":"https:\/\/slowmotioncatastrophe.com\/inside\/?page_id=559"},"modified":"2024-08-17T09:13:31","modified_gmt":"2024-08-17T09:13:31","slug":"frostbite-2024","status":"publish","type":"page","link":"http:\/\/slowmotioncatastrophe.com\/inside\/index.php\/films\/frostbite-2024\/","title":{"rendered":"Frostbite (2024)"},"content":{"rendered":"\n<p class=\"has-text-align-center\">Court-m\u00e9trage \/ <em>Short film<\/em><br>(2024)<br>3 min<\/p>\n\n\n\n<p class=\"has-text-align-center\">\u00c9crit et r\u00e9alis\u00e9 par \/&nbsp;<em>Written and directed by<\/em><br><strong>Marc Baradat<\/strong><\/p>\n\n\n\n<p class=\"has-text-align-center\">Avec \/<em>&nbsp;Starring<\/em><br><strong>Dorine Gomar<\/strong><\/p>\n\n\n\n<p class=\"has-text-align-center\">Image, musique, montage et \u00e9talonnage \/\u00a0<em>Image<\/em>, music, editing and color grading<br><strong>Marc Baradat<\/strong><\/p>\n\n\n\n<p class=\"has-text-align-center\">Son \/\u00a0<em>Sound<\/em><br><strong>Maxime Berland<\/strong><\/p>\n\n\n\n<p class=\"has-text-align-center\">&#8211;<\/p>\n\n\n\n<p class=\"has-text-align-center\">Une jeune femme erre dans la montagne enneig\u00e9e, m\u00e9ditant le drame qu&#8217;elle vient de vivre.<\/p>\n\n\n\n<p class=\"has-text-align-center\"><em>A young woman wanders in the snowy mountains, contemplating the drama she has just experienced.<\/em><\/p>\n\n\n\n<p class=\"has-text-align-center\">&#8211;<\/p>\n\n\n\n<figure class=\"wp-block-embed is-type-video is-provider-vimeo wp-block-embed-vimeo wp-embed-aspect-21-9 wp-has-aspect-ratio\"><div class=\"wp-block-embed__wrapper\">\n<iframe loading=\"lazy\" title=\"Frostbite\" src=\"https:\/\/player.vimeo.com\/video\/999788215?dnt=1&amp;app_id=122963\" width=\"960\" height=\"402\" frameborder=\"0\" allow=\"autoplay; fullscreen; picture-in-picture; clipboard-write\"><\/iframe>\n<\/div><\/figure>\n","protected":false},"excerpt":{"rendered":"<p>Court-m\u00e9trage \/ Short film(2024)3 min \u00c9crit et r\u00e9alis\u00e9 par \/&nbsp;Written and directed byMarc Baradat Avec \/&nbsp;StarringDorine Gomar Image, musique, montage et \u00e9talonnage \/\u00a0Image, music, editing and color gradingMarc Baradat Son \/\u00a0SoundMaxime Berland &#8211; Une jeune femme erre dans la montagne enneig\u00e9e, m\u00e9ditant le drame qu&#8217;elle vient de vivre. A young woman wanders in the snowy mountains, contemplating the drama she has just experienced. &#8211;<\/p>\n","protected":false},"author":1,"featured_media":0,"parent":18,"menu_order":0,"comment_status":"closed","ping_status":"closed","template":"","meta":{"footnotes":""},"class_list":["post-559","page","type-page","status-publish","hentry"],"_links":{"self":[{"href":"http:\/\/slowmotioncatastrophe.com\/inside\/index.php\/wp-json\/wp\/v2\/pages\/559"}],"collection":[{"href":"http:\/\/slowmotioncatastrophe.com\/inside\/index.php\/wp-json\/wp\/v2\/pages"}],"about":[{"href":"http:\/\/slowmotioncatastrophe.com\/inside\/index.php\/wp-json\/wp\/v2\/types\/page"}],"author":[{"embeddable":true,"href":"http:\/\/slowmotioncatastrophe.com\/inside\/index.php\/wp-json\/wp\/v2\/users\/1"}],"replies":[{"embeddable":true,"href":"http:\/\/slowmotioncatastrophe.com\/inside\/index.php\/wp-json\/wp\/v2\/comments?post=559"}],"version-history":[{"count":7,"href":"http:\/\/slowmotioncatastrophe.com\/inside\/index.php\/wp-json\/wp\/v2\/pages\/559\/revisions"}],"predecessor-version":[{"id":582,"href":"http:\/\/slowmotioncatastrophe.com\/inside\/index.php\/wp-json\/wp\/v2\/pages\/559\/revisions\/582"}],"up":[{"embeddable":true,"href":"http:\/\/slowmotioncatastrophe.com\/inside\/index.php\/wp-json\/wp\/v2\/pages\/18"}],"wp:attachment":[{"href":"http:\/\/slowmotioncatastrophe.com\/inside\/index.php\/wp-json\/wp\/v2\/media?parent=559"}],"curies":[{"name":"wp","href":"https:\/\/api.w.org\/{rel}","templated":true}]}}