{"id":584,"date":"2025-03-10T10:57:00","date_gmt":"2025-03-10T10:57:00","guid":{"rendered":"https:\/\/slowmotioncatastrophe.com\/inside\/?page_id=584"},"modified":"2025-03-10T11:00:03","modified_gmt":"2025-03-10T11:00:03","slug":"a-leap-of-faith-2025","status":"publish","type":"page","link":"http:\/\/slowmotioncatastrophe.com\/inside\/index.php\/a-leap-of-faith-2025\/","title":{"rendered":"A Leap of Faith (2025)"},"content":{"rendered":"\n<p class=\"has-text-align-center\">Documentaire \/ <em>Documentary<\/em><br>(2025)<\/p>\n\n\n\n<p class=\"has-text-align-center\">\u00c9crit et r\u00e9alis\u00e9 par \/&nbsp;<em>Written and directed by<\/em><br><strong>Marc Baradat<\/strong><\/p>\n\n\n\n<p class=\"has-text-align-center\">&#8211;<\/p>\n\n\n\n<p class=\"has-text-align-center\">Un regard discret pos\u00e9 sur le parcours de l&#8217;artiste Lan Kroeger et sa prise de risque courageuse et audacieuse, qui inspire \u00e0 prendre conscience que l&#8217;\u00e9panouissement est \u00e0 port\u00e9e de main.<\/p>\n\n\n\n<p class=\"has-text-align-center\"><em><br>A discreet glimpse into the journey of artist Lan Kroeger and her courageous, audacious risk-taking that inspires us to realize that fulfillment is within reach.<\/em><\/p>\n\n\n\n<p class=\"has-text-align-center\">&#8211;<\/p>\n\n\n\n<figure class=\"wp-block-embed is-type-video is-provider-vimeo wp-block-embed-vimeo wp-embed-aspect-16-9 wp-has-aspect-ratio\"><div class=\"wp-block-embed__wrapper\">\n<iframe loading=\"lazy\" title=\"A Leap of Faith - Teaser\" src=\"https:\/\/player.vimeo.com\/video\/1064249556?dnt=1&amp;app_id=122963\" width=\"960\" height=\"540\" frameborder=\"0\" allow=\"autoplay; fullscreen; picture-in-picture; clipboard-write; encrypted-media\"><\/iframe>\n<\/div><\/figure>\n","protected":false},"excerpt":{"rendered":"<p>Documentaire \/ Documentary(2025) \u00c9crit et r\u00e9alis\u00e9 par \/&nbsp;Written and directed byMarc Baradat &#8211; Un regard discret pos\u00e9 sur le parcours de l&#8217;artiste Lan Kroeger et sa prise de risque courageuse et audacieuse, qui inspire \u00e0 prendre conscience que l&#8217;\u00e9panouissement est \u00e0 port\u00e9e de main. A discreet glimpse into the journey of artist Lan Kroeger and her courageous, audacious risk-taking that inspires us to realize that fulfillment is within reach. &#8211;<\/p>\n","protected":false},"author":1,"featured_media":0,"parent":0,"menu_order":0,"comment_status":"closed","ping_status":"closed","template":"","meta":{"footnotes":""},"class_list":["post-584","page","type-page","status-publish","hentry"],"_links":{"self":[{"href":"http:\/\/slowmotioncatastrophe.com\/inside\/index.php\/wp-json\/wp\/v2\/pages\/584"}],"collection":[{"href":"http:\/\/slowmotioncatastrophe.com\/inside\/index.php\/wp-json\/wp\/v2\/pages"}],"about":[{"href":"http:\/\/slowmotioncatastrophe.com\/inside\/index.php\/wp-json\/wp\/v2\/types\/page"}],"author":[{"embeddable":true,"href":"http:\/\/slowmotioncatastrophe.com\/inside\/index.php\/wp-json\/wp\/v2\/users\/1"}],"replies":[{"embeddable":true,"href":"http:\/\/slowmotioncatastrophe.com\/inside\/index.php\/wp-json\/wp\/v2\/comments?post=584"}],"version-history":[{"count":3,"href":"http:\/\/slowmotioncatastrophe.com\/inside\/index.php\/wp-json\/wp\/v2\/pages\/584\/revisions"}],"predecessor-version":[{"id":591,"href":"http:\/\/slowmotioncatastrophe.com\/inside\/index.php\/wp-json\/wp\/v2\/pages\/584\/revisions\/591"}],"wp:attachment":[{"href":"http:\/\/slowmotioncatastrophe.com\/inside\/index.php\/wp-json\/wp\/v2\/media?parent=584"}],"curies":[{"name":"wp","href":"https:\/\/api.w.org\/{rel}","templated":true}]}}